{"id":3320,"date":"2023-12-05T10:29:05","date_gmt":"2023-12-05T09:29:05","guid":{"rendered":"https:\/\/www.domainemenardgaborit.com\/mentions-legales\/"},"modified":"2023-12-08T11:26:20","modified_gmt":"2023-12-08T10:26:20","slug":"mentions-legales","status":"publish","type":"page","link":"https:\/\/www.domainemenardgaborit.com\/en\/mentions-legales\/","title":{"rendered":"LEGAL INFORMATION"},"content":{"rendered":"\t\t<div data-elementor-type=\"wp-page\" data-elementor-id=\"3320\" class=\"elementor elementor-3320\" data-elementor-post-type=\"page\">\n\t\t\t\t<div class=\"elementor-element elementor-element-b6537cd e-flex e-con-boxed e-con e-parent\" data-id=\"b6537cd\" data-element_type=\"container\" data-e-type=\"container\" data-settings=\"{&quot;background_background&quot;:&quot;classic&quot;}\">\n\t\t\t\t\t<div class=\"e-con-inner\">\n\t\t\t\t<div class=\"elementor-element elementor-element-a4f7e06 elementor-invisible elementor-widget elementor-widget-heading\" data-id=\"a4f7e06\" data-element_type=\"widget\" data-e-type=\"widget\" data-settings=\"{&quot;_animation&quot;:&quot;fadeInDown&quot;}\" data-widget_type=\"heading.default\">\n\t\t\t\t<div class=\"elementor-widget-container\">\n\t\t\t\t\t<h1 class=\"elementor-heading-title elementor-size-default\">LEGAL INFORMATION<\/h1>\t\t\t\t<\/div>\n\t\t\t\t<\/div>\n\t\t\t\t<div class=\"elementor-element elementor-element-f2c921c elementor-invisible elementor-widget elementor-widget-image\" data-id=\"f2c921c\" data-element_type=\"widget\" data-e-type=\"widget\" data-settings=\"{&quot;_animation&quot;:&quot;fadeInUp&quot;,&quot;_animation_delay&quot;:200}\" data-widget_type=\"image.default\">\n\t\t\t\t<div class=\"elementor-widget-container\">\n\t\t\t\t\t\t\t\t\t\t\t\t\t\t\t<img decoding=\"async\" width=\"2\" height=\"80\" src=\"https:\/\/www.domainemenardgaborit.com\/wp-content\/uploads\/2023\/11\/linevert2.jpg\" class=\"attachment-large size-large wp-image-369\" alt=\"\" \/>\t\t\t\t\t\t\t\t\t\t\t\t\t\t\t<\/div>\n\t\t\t\t<\/div>\n\t\t\t\t\t<\/div>\n\t\t\t\t<\/div>\n\t\t<div class=\"elementor-element elementor-element-843f7e6 e-flex e-con-boxed e-con e-parent\" data-id=\"843f7e6\" data-element_type=\"container\" data-e-type=\"container\" data-settings=\"{&quot;background_background&quot;:&quot;classic&quot;}\">\n\t\t\t\t\t<div class=\"e-con-inner\">\n\t\t<div class=\"elementor-element elementor-element-3ab1aff e-con-full e-flex e-con e-child\" data-id=\"3ab1aff\" data-element_type=\"container\" data-e-type=\"container\">\n\t\t<div class=\"elementor-element elementor-element-0d8b33b e-con-full e-flex e-con e-child\" data-id=\"0d8b33b\" data-element_type=\"container\" data-e-type=\"container\">\n\t\t\t\t<div class=\"elementor-element elementor-element-90352b4 elementor-invisible elementor-widget elementor-widget-text-editor\" data-id=\"90352b4\" data-element_type=\"widget\" data-e-type=\"widget\" data-settings=\"{&quot;_animation&quot;:&quot;fadeInRight&quot;,&quot;_animation_delay&quot;:600}\" data-widget_type=\"text-editor.default\">\n\t\t\t\t<div class=\"elementor-widget-container\">\n\t\t\t\t\t\t\t\t\t<h2>SITE EDITOR AND HOST :<\/h2><p>The website can be accessed at the following address\u00a0<a href=\"http:\/\/www.domainemenardgaborit.com\/\">www.domainemenardgaborit.com<\/a><\/p><p>Site owner: Domaine M\u00e9nard-Gaborit, 34 la Mini\u00e8re, 44690 Monni\u00e8res, France<\/p><p>Phone number: +33 2 40 54 61 06<\/p><p><a href=\"mailto:contact@domainemenardgaborit.com\">contact@domainemenardgaborit.com<\/a><\/p><p>Publication manager: Pauline et Fran\u00e7ois M\u00e9nard<\/p><h2>HOSTED BY OVH<\/h2><p>Head office: SAS OVH, 2 rue Kellermann, BP 80157, 59100 Roubaix, France<\/p><p>WEBSITE DESIGNED BY AGENCE NOUS VOILA<\/p><p>Head office: Agence Nous Voil\u00e0, 7 rue de la Bonodi\u00e8re, 44115 Haute-Goulaine, France<\/p><p>Phone number: +33 9 81 45 94 40<\/p><p><a href=\"http:\/\/www.nousvoila.fr\/\">www.nousvoila.fr<\/a><\/p><p><a href=\"mailto:bienvenue@nousvoila.fr\">bienvenue@nousvoila.fr<\/a><\/p><h2>INTELLECTUAL PROPERTY<\/h2><p>Domaine M\u00e9nard-Gaborit holds the intellectual property rights or usage rights to all elements accessible on the site, notably texts, images, graphics,<\/p><p>logos, icons, sounds and software.<\/p><p>Any reproduction, representation, modification, publication, adaptation of all or part of the elements of the site, whatever the means or process used, is forbidden, except with the prior written authorization prior written authorization of the owner.<\/p><p>Any unauthorized use of the website or of any of the elements it contains will be considered as constituting an infringement and will be prosecuted in accordance with the provisions of articles L.335-2 et seq. of the French Intellectual Property Code.<\/p><h2>HYPERTEXT LINKS<\/h2><p>As it is not possible to check all the hypertext links pointing to the website, the owner declines all responsibility for the content of sites linked to his site.<\/p><h2>PERSONAL DATA MANAGEMENT<\/h2><p>In France, personal data is protected by law no. 78-87 of January 6, 1978, law no. 2004-801 of August 6, 2004, article L. 226-13 of the Criminal Code and the European Directive<\/p><p>Directive of October 24, 1995. The website only collects personal information relating to the user for the purposes of certain proposed services. No personal information is published without the user&#8217;s knowledge, exchanged, transferred, ceded or sold on any medium whatsoever to third parties.<\/p><h2>COOKIES<\/h2><p>Google Analytics statistical cookies<\/p><p>These cookies are used to compile site traffic statistics and to detect navigation problems in order to monitor and improve the quality of our services.<\/p><p>No personally identifiable data is collected. Statistics cookies are stored on your computer for 6 months.<\/p><p>Exercise your choices according to the browser you are using. You can configure your browser at any time to express and modify your wishes with regard to cookies, and in particular with regard to statistical cookies. You express your choices by setting your browser to refuse certain cookies.<\/p><h2>CONTACT FORMS<\/h2><p>The information collected on these forms is saved in an email and kept for 3 years. It is only used to contact the user again and to respond<\/p><p>and respond to the user&#8217;s request. In accordance with the French Data Protection Act, you may exercise your right to access and rectify your personal data by contacting\u00a0<a href=\"mailto:bienvenue@nousvoila.fr\">bienvenue@nousvoila.fr<\/a><\/p><h2>PHOTO CREDITS<\/h2><p>Photographers: Marie Jonch\u00e8re, Pauline Th\u00e9on, K\u00e9vin Druard.\u00a0All rights reserved<\/p>\t\t\t\t\t\t\t\t<\/div>\n\t\t\t\t<\/div>\n\t\t\t\t<\/div>\n\t\t\t\t<\/div>\n\t\t\t\t\t<\/div>\n\t\t\t\t<\/div>\n\t\t\t\t<\/div>\n\t\t","protected":false},"excerpt":{"rendered":"<p>LEGAL INFORMATION SITE EDITOR AND HOST : The website can be accessed at the following address\u00a0www.domainemenardgaborit.com Site owner: Domaine M\u00e9nard-Gaborit, 34 la [&hellip;]<\/p>\n","protected":false},"author":1,"featured_media":0,"parent":0,"menu_order":0,"comment_status":"closed","ping_status":"closed","template":"elementor_header_footer","meta":{"om_disable_all_campaigns":false,"inline_featured_image":false,"_monsterinsights_skip_tracking":false,"_monsterinsights_sitenote_active":false,"_monsterinsights_sitenote_note":"","_monsterinsights_sitenote_category":0,"footnotes":""},"class_list":["post-3320","page","type-page","status-publish","hentry"],"yoast_head":"<!-- This site is optimized with the Yoast SEO Premium plugin v21.6 (Yoast SEO v27.4) - https:\/\/yoast.com\/product\/yoast-seo-premium-wordpress\/ -->\n<title>LEGAL INFORMATION - Menard-Gaborit<\/title>\n<meta name=\"robots\" content=\"index, follow, max-snippet:-1, max-image-preview:large, max-video-preview:-1\" \/>\n<link rel=\"canonical\" href=\"https:\/\/www.domainemenardgaborit.com\/en\/mentions-legales\/\" \/>\n<meta property=\"og:locale\" content=\"en_US\" \/>\n<meta property=\"og:type\" content=\"article\" \/>\n<meta property=\"og:title\" content=\"LEGAL INFORMATION - Menard-Gaborit\" \/>\n<meta property=\"og:description\" content=\"LEGAL INFORMATION SITE EDITOR AND HOST : The website can be accessed at the following address\u00a0www.domainemenardgaborit.com Site owner: Domaine M\u00e9nard-Gaborit, 34 la [&hellip;]\" \/>\n<meta property=\"og:url\" content=\"https:\/\/www.domainemenardgaborit.com\/en\/mentions-legales\/\" \/>\n<meta property=\"og:site_name\" content=\"Menard-Gaborit\" \/>\n<meta property=\"article:modified_time\" content=\"2023-12-08T10:26:20+00:00\" \/>\n<meta property=\"og:image\" content=\"https:\/\/www.domainemenardgaborit.com\/wp-content\/uploads\/2023\/11\/linevert2.jpg\" \/>\n<meta name=\"twitter:card\" content=\"summary_large_image\" \/>\n<meta name=\"twitter:label1\" content=\"Est. reading time\" \/>\n\t<meta name=\"twitter:data1\" content=\"3 minutes\" \/>\n<script type=\"application\/ld+json\" class=\"yoast-schema-graph\">{\"@context\":\"https:\\\/\\\/schema.org\",\"@graph\":[{\"@type\":\"WebPage\",\"@id\":\"https:\\\/\\\/www.domainemenardgaborit.com\\\/en\\\/mentions-legales\\\/\",\"url\":\"https:\\\/\\\/www.domainemenardgaborit.com\\\/en\\\/mentions-legales\\\/\",\"name\":\"LEGAL INFORMATION - Menard-Gaborit\",\"isPartOf\":{\"@id\":\"https:\\\/\\\/www.domainemenardgaborit.com\\\/#website\"},\"primaryImageOfPage\":{\"@id\":\"https:\\\/\\\/www.domainemenardgaborit.com\\\/en\\\/mentions-legales\\\/#primaryimage\"},\"image\":{\"@id\":\"https:\\\/\\\/www.domainemenardgaborit.com\\\/en\\\/mentions-legales\\\/#primaryimage\"},\"thumbnailUrl\":\"https:\\\/\\\/www.domainemenardgaborit.com\\\/wp-content\\\/uploads\\\/2023\\\/11\\\/linevert2.jpg\",\"datePublished\":\"2023-12-05T09:29:05+00:00\",\"dateModified\":\"2023-12-08T10:26:20+00:00\",\"inLanguage\":\"en-US\",\"potentialAction\":[{\"@type\":\"ReadAction\",\"target\":[\"https:\\\/\\\/www.domainemenardgaborit.com\\\/en\\\/mentions-legales\\\/\"]}]},{\"@type\":\"ImageObject\",\"inLanguage\":\"en-US\",\"@id\":\"https:\\\/\\\/www.domainemenardgaborit.com\\\/en\\\/mentions-legales\\\/#primaryimage\",\"url\":\"https:\\\/\\\/www.domainemenardgaborit.com\\\/wp-content\\\/uploads\\\/2023\\\/11\\\/linevert2.jpg\",\"contentUrl\":\"https:\\\/\\\/www.domainemenardgaborit.com\\\/wp-content\\\/uploads\\\/2023\\\/11\\\/linevert2.jpg\"},{\"@type\":\"WebSite\",\"@id\":\"https:\\\/\\\/www.domainemenardgaborit.com\\\/#website\",\"url\":\"https:\\\/\\\/www.domainemenardgaborit.com\\\/\",\"name\":\"Menard-Gaborit\",\"description\":\"\",\"potentialAction\":[{\"@type\":\"SearchAction\",\"target\":{\"@type\":\"EntryPoint\",\"urlTemplate\":\"https:\\\/\\\/www.domainemenardgaborit.com\\\/?s={search_term_string}\"},\"query-input\":{\"@type\":\"PropertyValueSpecification\",\"valueRequired\":true,\"valueName\":\"search_term_string\"}}],\"inLanguage\":\"en-US\"}]}<\/script>\n<!-- \/ Yoast SEO Premium plugin. -->","yoast_head_json":{"title":"LEGAL INFORMATION - Menard-Gaborit","robots":{"index":"index","follow":"follow","max-snippet":"max-snippet:-1","max-image-preview":"max-image-preview:large","max-video-preview":"max-video-preview:-1"},"canonical":"https:\/\/www.domainemenardgaborit.com\/en\/mentions-legales\/","og_locale":"en_US","og_type":"article","og_title":"LEGAL INFORMATION - Menard-Gaborit","og_description":"LEGAL INFORMATION SITE EDITOR AND HOST : The website can be accessed at the following address\u00a0www.domainemenardgaborit.com Site owner: Domaine M\u00e9nard-Gaborit, 34 la [&hellip;]","og_url":"https:\/\/www.domainemenardgaborit.com\/en\/mentions-legales\/","og_site_name":"Menard-Gaborit","article_modified_time":"2023-12-08T10:26:20+00:00","og_image":[{"url":"https:\/\/www.domainemenardgaborit.com\/wp-content\/uploads\/2023\/11\/linevert2.jpg","type":"","width":"","height":""}],"twitter_card":"summary_large_image","twitter_misc":{"Est. reading time":"3 minutes"},"schema":{"@context":"https:\/\/schema.org","@graph":[{"@type":"WebPage","@id":"https:\/\/www.domainemenardgaborit.com\/en\/mentions-legales\/","url":"https:\/\/www.domainemenardgaborit.com\/en\/mentions-legales\/","name":"LEGAL INFORMATION - Menard-Gaborit","isPartOf":{"@id":"https:\/\/www.domainemenardgaborit.com\/#website"},"primaryImageOfPage":{"@id":"https:\/\/www.domainemenardgaborit.com\/en\/mentions-legales\/#primaryimage"},"image":{"@id":"https:\/\/www.domainemenardgaborit.com\/en\/mentions-legales\/#primaryimage"},"thumbnailUrl":"https:\/\/www.domainemenardgaborit.com\/wp-content\/uploads\/2023\/11\/linevert2.jpg","datePublished":"2023-12-05T09:29:05+00:00","dateModified":"2023-12-08T10:26:20+00:00","inLanguage":"en-US","potentialAction":[{"@type":"ReadAction","target":["https:\/\/www.domainemenardgaborit.com\/en\/mentions-legales\/"]}]},{"@type":"ImageObject","inLanguage":"en-US","@id":"https:\/\/www.domainemenardgaborit.com\/en\/mentions-legales\/#primaryimage","url":"https:\/\/www.domainemenardgaborit.com\/wp-content\/uploads\/2023\/11\/linevert2.jpg","contentUrl":"https:\/\/www.domainemenardgaborit.com\/wp-content\/uploads\/2023\/11\/linevert2.jpg"},{"@type":"WebSite","@id":"https:\/\/www.domainemenardgaborit.com\/#website","url":"https:\/\/www.domainemenardgaborit.com\/","name":"Menard-Gaborit","description":"","potentialAction":[{"@type":"SearchAction","target":{"@type":"EntryPoint","urlTemplate":"https:\/\/www.domainemenardgaborit.com\/?s={search_term_string}"},"query-input":{"@type":"PropertyValueSpecification","valueRequired":true,"valueName":"search_term_string"}}],"inLanguage":"en-US"}]}},"_links":{"self":[{"href":"https:\/\/www.domainemenardgaborit.com\/en\/wp-json\/wp\/v2\/pages\/3320","targetHints":{"allow":["GET"]}}],"collection":[{"href":"https:\/\/www.domainemenardgaborit.com\/en\/wp-json\/wp\/v2\/pages"}],"about":[{"href":"https:\/\/www.domainemenardgaborit.com\/en\/wp-json\/wp\/v2\/types\/page"}],"author":[{"embeddable":true,"href":"https:\/\/www.domainemenardgaborit.com\/en\/wp-json\/wp\/v2\/users\/1"}],"replies":[{"embeddable":true,"href":"https:\/\/www.domainemenardgaborit.com\/en\/wp-json\/wp\/v2\/comments?post=3320"}],"version-history":[{"count":11,"href":"https:\/\/www.domainemenardgaborit.com\/en\/wp-json\/wp\/v2\/pages\/3320\/revisions"}],"predecessor-version":[{"id":4298,"href":"https:\/\/www.domainemenardgaborit.com\/en\/wp-json\/wp\/v2\/pages\/3320\/revisions\/4298"}],"wp:attachment":[{"href":"https:\/\/www.domainemenardgaborit.com\/en\/wp-json\/wp\/v2\/media?parent=3320"}],"curies":[{"name":"wp","href":"https:\/\/api.w.org\/{rel}","templated":true}]}}